{"id":96,"date":"2020-04-02T12:49:46","date_gmt":"2020-04-02T10:49:46","guid":{"rendered":"http:\/\/car-media-shop.de\/?post_type=product&#038;p=96"},"modified":"2020-04-02T12:49:46","modified_gmt":"2020-04-02T10:49:46","slug":"pekasat-ikey","status":"publish","type":"product","link":"https:\/\/car-media-shop.de\/?product=pekasat-ikey","title":{"rendered":"Pekasat iKey"},"content":{"rendered":"<p><u><strong>GSM\/GPS\/GPRS Ortungsalarmsystem<\/strong><\/u><\/p>\n<p>Das wohl beste Ortungsalarmsystem auf dem Markt!<br \/>\nSchweizer Hardware GSM Modem und GPS Empf\u00e4nger von\u00a0<img decoding=\"async\" src=\"data:image\/png;base64,iVBORw0KGgoAAAANSUhEUgAAAG8AAAAzCAIAAAAW68G7AAAHHklEQVR4nO2bH5zjThTACz8oHBR+UDgo\/GDhBwsHCwcHB4WDwsGDwoNCYGGgMFAYWAgUAguBg8BC4CBwEFgILAQWAguBhYGFBwsDCwOFHyRNJmmTbbr3ufbu1\/082G4zbzLfvHn\/MtvTK32SnyW9g9\/BnyQnmieaxyonmieaxyonmieaxyonmieaxypvoPmsVBipK4eQ0RegMdAYCCzFhfID\/SgPvrbfg6a6jQgs+feZ7A1kr7+WQeVjf0QfJ8r19LM6+CKPlWYU0cfJmtpA9oatMpC9vhyeK8fV+vBLPSaaL4ou+ZpjO8QtTOnDWCfJwVd7HDSlpA\/j7hxN6ct3I+UHB1\/woWk+SvnPxdtQFkY6UK538DUfjuYTybMWlDs60CrQP9dCX6FJX6AB5UD+NaSLMU1Q\/nPRDehg9Kf60Daaauk2ouyPVBDmV2q9DlC7+lD6NNk6o3ySYRh2SgD2GHIImlKuM8otOJSwKxdrTeefOgGtOVAi8m48nCGb8x1v3RjCDs7xFZo0Fy3uUkdR\/XqLd4lUA3l2oV\/yxD5NU5xZAABT5Auxy32nj52HHI4mkRw2GeZQ9gbqez2S0FerY9zvqxs\/GxvfxwCAMwTcFc0eQw5GU934rWgG9Lnq+JJEvht12elD2evTF1ijSWDaDU2SJDDF34MmTV81tAF9nqgw0kmiXE++P98Z5aD8ZXCmiZpoqhelVGONvzvNXM8vCVPbaGotzy52K8Oza4qUcyCH5yqM9F2s72Idx\/RhbOjpEzKdJDqK9X2SJQz6NqrRFEIkD4njOIwx65LxBfdufHqmrjTViwp+hOJKZHrYnDmOk2xkZkEQ2EvbcRzHceylk6Zp8ZXv+\/bSKb6ST693xbbRlLL7tl3zHZWxRa80fQaTZiUTuI3SXk9duyZNnKFlWThDmAIiIiIgAgBjLK22+NppSin5gmcxqviBKcAUPc8z7TR9TLMpYAqTryCuclXxfQxTyGQymTjXzr62GSfdORo0VQeaNBc1mrlkP+uPMAXGuTKeUwtNImKMlQprqgDcb5XkLPgRFBfDFKIo0ivNF7zQz+asxee8QlPdRnsZZjeaKqN5yTdpwhQty2Kc5yzWFIKgTCRaaDqOAwA4y2wccWZZjJlMYQpxHJtDxJWd3wAiX3Df9zPlmYbaxR1t85fQ1E00ET3PyxxlmqYsAzFDmCIXJbUmmmmaGtTQdhwiUi8qvk8sQ5UQlQeQPkqcWflArDxC13V3RNlA8\/5X7HS1bacDIl9w06+Ft2FhNZZlEVE7Tf+7n+WhuLFDo7uosDicoZQVRxwEQc3bACJjbDMAdqT5xii0s23KjSgEWDFAvdJEZFml1SQPSTtNe+nkf5+C51X8o3pRhqVDdFct57QWVzYYHhaxwx5vprlrhvQ22wwj2eurjQyp5gTVi2LzEkGxvCaaQghYXxyGYW1p4koUrIMf9XLONN5cbccsde\/svZlmJUOaNNL8Ecr+qCV7Lx4tm3PDoF6hyU2atxs0bbukGQS1icSVqNlmMd2baCo\/2JPm+\/OKbY7B0NNXS7ecIgiK8rTNNpW5PTFOXtvpBi\/f9+sPhpcPJryt7HT\/e5A7XIPmz\/CbK62fSb5v6Xo00xyc6adyerrkstcraRoLUEFYNOVaaKaPqbnCIodvoul6nllWmVs1SZIyWCOaZU8+i2mY61zKuXa3I+pAc6UVb+nItUmlr\/6QyuF5VnrSV6syhZR6HaCr+aZlxgfXdXNflsXotRtpohnfx2aq6K97XUTEFxywUGXUAloLIUxt\/vfAVFKPV3vQ1E+ytSnXJPU2sCZSQaijuMWj1\/JNRBRXwv3mmo4MoBKjG7N3rflClJkQIl8Ie+lYl6wEVC0EgqDc40WsL5V02e+tbzKu3T3entPH7W8pWmSzsoRpXlaXiC3L7Du01EL5jjY2dV6tr1GaHiDrOhfO1LbtUr9RO+2Yw+\/9lq0NqHJ2mtugGQOA0Z6oFekIiFG12x\/fJ9kQmALnvKYwuouyryquEBEA+EIUJUC+x3M9iDMrfUwLJe43t7grgI38dA+amkj++2kfC50LMxzplVZ+oBy38JUVa3pIsqYZY8y2be\/Gsy4tQMyWwhcivq9nKpUhS3tTZ\/qY2ksny\/wzPYwx3\/fN1kkURdalxeaMzZl1yWo5U+ZqGWNszizGhBDm2L1orvY+ndCX70bZK2L6AvlL+X7jy3T1ogrRK03PlDwkSZJIKZscbm3I9r1FuZ40TTcvyxrJLUrMKXZpOe92cuaJ6ONkrxNIxam53unkjCE6e4s53PNU18VYP6QHX+3R0MwkjtfF4s4nDt+fq2uva8H7m8peZ4vvYpoxOTzfOA1r\/N4f0aeJ8ny9W9f6z5A3nNRWSkexcly65PQVaQw0QUKmhK2CUFe7h\/8TOf0XwYnmscqJ5onmscqJ5s+U\/wAqj3mzjeEyXwAAAABJRU5ErkJggg==\" alt=\"\" \/><\/p>\n<p><strong>&gt;<\/strong>\u00a0Keine kryptische Konfigurationen oder SMS Kommandos um das System zu bedienen. 100% tige Bedienung per innovativer Smartphone APP, nat\u00fcrlich in deutscher Sprache.<br \/>\n<strong>&gt;<\/strong>\u00a0Keine Kosten f\u00fcr die APP!<br \/>\n<strong>&gt;<\/strong>\u00a0Keine Registrierungen auf Webportalen.<br \/>\n<strong>&gt;<\/strong>\u00a0Keine Verbindung zum Internet, Hacker bekommen keinen Angriffspunkt, daher keine M\u00f6glichkeit des\u00a0<a href=\"https:\/\/www.pekatronic.de\/de\/info\/BEGRIFFE.html\" target=\"_blank\" rel=\"noopener noreferrer\">APP Hackings (siehe PekaWiki<\/a>) !<br \/>\n<strong>&gt;<\/strong>\u00a0Keine Datenhaltung Ihrer pers\u00f6nlichen Daten wie z.B. Rufnummer der Ortung, Sicherheits-PIN, Codenummern auf &#8222;ausl\u00e4ndischen&#8220; Servern.<br \/>\n<strong>&gt;<\/strong>\u00a0Kein Zwangskauf von Langzeitkartenvertr\u00e4gen, sie w\u00e4hlen Ihren Lieblingsprovider selber! Nat\u00fcrlich ist eine Nutzung von Prepaid SIM Karten m\u00f6glich!<\/p>\n<p>&#8211; Einfacher Dialog und Bedienung per APP mit Ihrem Smartphone<br \/>\n&#8211; Abfragen und Konfigurationen erfolgen per Smartphone APP<\/p>\n<p><u>Funktionsm\u00f6glichkeiten:<\/u><\/p>\n<ul>\n<li>Fahrzeugortung per Google Maps auf Ihrem Smartphone<\/li>\n<li>Scharf- (ZV Auf), Unscharfschalten (ZV Zu), Alarmmeldungen, Statusinformation, Stromkreisunterbrechung per Smartphone ausf\u00fchrbar<\/li>\n<li><u><strong>Benachrichtung per Anruf<\/strong><\/u>\u00a0und SMS oder nur SMS (per App w\u00e4hlbar)<\/li>\n<li>Anzeige der Fahrtrichtung und automatische 3-Punkte Ortung zur Fahrzeugverfolgung<\/li>\n<li>Eigene Positionsbestimmung<\/li>\n<li>Sendet Alarminformationen an bis zu 3 Mobilfunkrufnummern<\/li>\n<li><strong>NEU!<\/strong>\u00a0Geschwindigkeits- und Vibrationsabh\u00e4ngige Stromkreisunterbrechung (Einschaltung einer Unterbrechung). Schaltet wenn Fahrzeug 0 km\/h und der eingebauter G-Sensor keine Vibrationen erkennt.<\/li>\n<li><strong>NEU!\u00a0<\/strong>Steuerung vorhandener Schaltuhren der Standheizung z.B. f\u00fcr Volkswagen und der Webasto T91 Fernbedienung (<a href=\"https:\/\/www.pekatronic.de\/de\/Alarm-Zubehoer\/Relais-45\/Mini-Relais-12-Volt.html\" target=\"_blank\" rel=\"noopener noreferrer\">Minirelais erforderlich<\/a>). Andere Fahrzeuge auf\u00a0<a href=\"https:\/\/www.pekatronic.de\/de\/shop_content.php?coID=7\" target=\"_blank\" rel=\"noopener noreferrer\">Anfrage!<\/a><\/li>\n<li><strong>NEU!\u00a0<\/strong>Schaltausgang f\u00fcr Zubeh\u00f6r einstellbar als Impuls, Doppelimpuls oder geschaltet f\u00fcr 35 Minuten (Firmware V1.20 erforderlich)<\/li>\n<li><strong>NEU!\u00a0<\/strong>Anzeige der Innenraumtemperatur<\/li>\n<li><strong>NEU!\u00a0<\/strong>Steuerung Zubeh\u00f6r z.B. Kofferraum\u00f6ffner etc (<a href=\"https:\/\/www.pekatronic.de\/de\/Alarm-Zubehoer\/Relais-45\/Mini-Relais-12-Volt.html\" target=\"_blank\" rel=\"noopener noreferrer\">Minirelais erforderlich<\/a>).<\/li>\n<li>SOS Taster und Alarmierung<\/li>\n<li>Integrierte Notstromversorgung durch eingebauten Notstromakku<\/li>\n<li>\u00dcberwachung der Stromversorgung z.B. Alarmierung bei Manipulation am Fahrzeugbordnetz oder Trennung der Batterie<\/li>\n<li>Niedriger Stromverbrauch in der Ruhephase durch automatischen Sleepmodus von nur 10mA<\/li>\n<li>Bis zu drei Benutzer k\u00f6nne ein Fahrzeug per Smartphones\u00a0kontrollieren<\/li>\n<li>Bis zu 3 Fahrzeuge k\u00f6nnen pro Smartphone verwaltet werden<\/li>\n<li>Zugriffssicherheit durch bis zu 10 stelligen PIN<\/li>\n<li>Einstellung der Zeitzonen, Sommer- und Winterzeit<\/li>\n<li>Benennung der Fahrzeuge z.B. durch Namen oder Kennzeichen<\/li>\n<li>Statusabfrage mit Informationen \u00fcber Anlage scharf\/unscharf, Datum\/Zeit, Z\u00fcndung, Geschwindigkeit, Temperatur im Fahrzeuginnenraum<\/li>\n<li>Geb\u00fchrenabfrage \u00fcber SIM Guthaben bei vielen Providern m\u00f6glich<\/li>\n<li>Zus\u00e4tzlich verf\u00fcgbare Funktionen:\n<ul>\n<li>Geozaun<\/li>\n<li>Geschwindkeits\u00fcberwachung<\/li>\n<li>Parkplatzsuche<\/li>\n<li>Parkzeittimer und Warner<\/li>\n<\/ul>\n<\/li>\n<li>Verf\u00fcgbar f\u00fcr Android Smartphones ab Android-Version 7.0 (<a href=\"https:\/\/www.pekatronic.de\/de\/info\/Downloads.html\" target=\"_blank\" rel=\"noopener noreferrer\">App hier kostenlos erh\u00e4ltlich<\/a>)<\/li>\n<li>Verf\u00fcgbar f\u00fcr Apple IPhone\u00a0(App im Apple Appstore kostenlos erh\u00e4ltlich)<\/li>\n<\/ul>\n<p>Besonderheiten:<\/p>\n<ul>\n<li>Kein Webserver erforderlich\u00a0oder kostenpflichtiger Eintrag \u00fcber Internetserver<\/li>\n<li>Keine langfristigen Kartenvertr\u00e4ge au\u00dfer dem Erwerb einer SIM Karte<\/li>\n<li>Prepaidkarte mit abschaltbarem PIN-Code gen\u00fcgt!!!<\/li>\n<li>GSM 850\/900\/1800\/1900 MHz<\/li>\n<li>Ortung per GPS<\/li>\n<li>Ortung per GSM Funkzellennetz, wenn kein GPS SIgnal bzw. GPS Antenne entfernt wurde<\/li>\n<li>A-GPS (\u201cAssisted Global Positioning System\u201d). Unterst\u00fctzung des GPS Empf\u00e4ngers, indem das Ortungssystem aus dem Mobilfunknetz zus\u00e4tzlich Ortungsinformationen empf\u00e4ngt<\/li>\n<\/ul>\n<p><u><strong>Nutzung und Einsatzm\u00f6glichkeiten<\/strong><\/u>:<\/p>\n<ul>\n<li>als reine &#8222;nur Ortung&#8220; (Anschlu\u00df mit nur 2 Kabeln)<\/li>\n<li>als eigenst\u00e4ndiges Ortungsalarmsystem mit Alarmeing\u00e4ngen z.B. der T\u00fcren, Z\u00fcndung<\/li>\n<li>zusammen mit einer nachger\u00fcsteten Alarmanlage<\/li>\n<li>Kompatibel mit Snapper Upgrade Alarm<\/li>\n<li>Kompatibel mit Snapper CAN BUS Alarm<\/li>\n<li>Kompatibel mit Alarmsystem Snapper Classic<\/li>\n<li>Kompatibel mit Alarmsystem Snapper Classic Caravan<\/li>\n<li>Kompatibel mit analogen Nachr\u00fcstalarmanlagen<\/li>\n<\/ul>\n","protected":false},"excerpt":{"rendered":"<p>Pekasat iKey GSM\/GPS Ortungssystem<\/p>\n","protected":false},"featured_media":111,"comment_status":"open","ping_status":"closed","template":"","meta":[],"product_brand":[],"product_cat":[29],"product_tag":[],"class_list":{"0":"post-96","1":"product","2":"type-product","3":"status-publish","4":"has-post-thumbnail","6":"product_cat-ortungssysteme-gsm-gps","8":"first","9":"instock","10":"taxable","11":"shipping-taxable","12":"purchasable","13":"product-type-simple"},"jetpack_sharing_enabled":true,"_links":{"self":[{"href":"https:\/\/car-media-shop.de\/index.php?rest_route=\/wp\/v2\/product\/96","targetHints":{"allow":["GET"]}}],"collection":[{"href":"https:\/\/car-media-shop.de\/index.php?rest_route=\/wp\/v2\/product"}],"about":[{"href":"https:\/\/car-media-shop.de\/index.php?rest_route=\/wp\/v2\/types\/product"}],"replies":[{"embeddable":true,"href":"https:\/\/car-media-shop.de\/index.php?rest_route=%2Fwp%2Fv2%2Fcomments&post=96"}],"wp:featuredmedia":[{"embeddable":true,"href":"https:\/\/car-media-shop.de\/index.php?rest_route=\/wp\/v2\/media\/111"}],"wp:attachment":[{"href":"https:\/\/car-media-shop.de\/index.php?rest_route=%2Fwp%2Fv2%2Fmedia&parent=96"}],"wp:term":[{"taxonomy":"product_brand","embeddable":true,"href":"https:\/\/car-media-shop.de\/index.php?rest_route=%2Fwp%2Fv2%2Fproduct_brand&post=96"},{"taxonomy":"product_cat","embeddable":true,"href":"https:\/\/car-media-shop.de\/index.php?rest_route=%2Fwp%2Fv2%2Fproduct_cat&post=96"},{"taxonomy":"product_tag","embeddable":true,"href":"https:\/\/car-media-shop.de\/index.php?rest_route=%2Fwp%2Fv2%2Fproduct_tag&post=96"}],"curies":[{"name":"wp","href":"https:\/\/api.w.org\/{rel}","templated":true}]}}