{"id":64,"date":"2020-04-02T12:10:16","date_gmt":"2020-04-02T10:10:16","guid":{"rendered":"http:\/\/car-media-shop.de\/?post_type=product&#038;p=64"},"modified":"2023-10-25T11:18:15","modified_gmt":"2023-10-25T09:18:15","slug":"snapper-can-bus-alarm-inkl-anti-jamming-sensor","status":"publish","type":"product","link":"https:\/\/car-media-shop.de\/?product=snapper-can-bus-alarm-inkl-anti-jamming-sensor","title":{"rendered":"SNAPPER CAN BUS Alarm inkl. Anti-Jamming Sensor"},"content":{"rendered":"<p><strong>SNAPPER CAN\u00a0BUS\u00a0Alarmsystem \u00a0 \u00a0<\/strong><\/p>\n<p>Wird geschaltet durch bereits im PKW vorhandenen CAN DATEN BUS.<br \/>\n<strong>Ideal f\u00fcr Fahrzeuge mit vorhandenen Werks- (Original) Fernbedienungen.<\/strong><br \/>\n&#8211; Kein externes Programmierger\u00e4t erforderlich! Einstellungen erfolgen direkt am Ger\u00e4t<br \/>\n&#8211; universell in Fahrzeuge mit CAN DATEN BUS einsetzbar<br \/>\n&#8211; Hersteller, Typ und Baujahr aus Liste ausw\u00e4hlen, eintippen, fertig!<br \/>\n&#8211; Aktuelle Herstellerliste im Service-Forum!<br \/>\n&#8211; Anti HiJacking Funktion (in EU nicht zugelassen)<br \/>\n&#8211; Abschaltung der Sensoren per Servicetaster<br \/>\n&#8211; Blinkleuchtensteuerung direkt aber auch am Warnblinkschalter m\u00f6glich (einfache 1-Kabell\u00f6sung)<br \/>\n&#8211; Akustischer Quittungston<br \/>\n&#8211; Betrieb f\u00fcr bis zu 3 Sensoren<br \/>\n&#8211; Vorwarnung einstellbar (in EU nicht zugelassen)<br \/>\n&#8211; Anschluss f\u00fcr Zweitsirene und GSM\/GPS Ortung<br \/>\n&#8211; Ansteuerung f\u00fcr Komfortschliessung (automatisches Schliessen von Fenster und Schiebedach)<br \/>\n&#8211; Ansteuerung der ZV Schliessung wenn Fahrzeug &gt;50km\/h (nur in einigen Fahrzeugen m\u00f6glich)<br \/>\n&#8211; Anschluss mit nur wenigen Leitungen<br \/>\n&#8211; E-Zulassung<br \/>\n&#8211; Lieferung inkl. Sirene, Anti-Jamming Sensor, LED, Y-Adapter und Motorhaubenkontakt!<\/p>\n<p><strong>ANTI JAMMING SENSOR<\/strong><br \/>\nBrandneue Technologie in Sachen Schutz gegen Funkst\u00f6rsender.<br \/>\nErkennt den Einsatz von sogn. Jammern (Funkst\u00f6rsendern), diese werden eingesetzt um den Betrieb von GSM\/GPS Ortungen zu behindern und damit einen &#8222;stillen Alarm&#8220; zum Besitzer zu unterbinden.<br \/>\nDas geb\u00fcndeltes Signal eines Jammers f\u00fchrt zur Alarmausl\u00f6sung!<br \/>\nEinsetzbar nicht nur f\u00fcr PKW, LKW, Boote, Yachten, sondern auch ideal f\u00fcr Wohnmobile und Caravan.<br \/>\n&#8211; 12 Volt<br \/>\n&#8211; extrem geringer Stromverbrauch<br \/>\n&#8211; LED zur Funktionskontrolle<br \/>\n&#8211; 3pol. Anschlusskabel<\/p>\n","protected":false},"excerpt":{"rendered":"<p>SNAPPER CAN BUS Alarm inkl. Anti-Jamming Sensor<\/p>\n","protected":false},"featured_media":58,"comment_status":"open","ping_status":"closed","template":"","meta":[],"product_brand":[],"product_cat":[26],"product_tag":[],"class_list":{"0":"post-64","1":"product","2":"type-product","3":"status-publish","4":"has-post-thumbnail","6":"product_cat-snapper-canbus-alarmsysteme","8":"first","9":"onbackorder","10":"taxable","11":"shipping-taxable","12":"purchasable","13":"product-type-simple"},"jetpack_sharing_enabled":true,"_links":{"self":[{"href":"https:\/\/car-media-shop.de\/index.php?rest_route=\/wp\/v2\/product\/64","targetHints":{"allow":["GET"]}}],"collection":[{"href":"https:\/\/car-media-shop.de\/index.php?rest_route=\/wp\/v2\/product"}],"about":[{"href":"https:\/\/car-media-shop.de\/index.php?rest_route=\/wp\/v2\/types\/product"}],"replies":[{"embeddable":true,"href":"https:\/\/car-media-shop.de\/index.php?rest_route=%2Fwp%2Fv2%2Fcomments&post=64"}],"wp:featuredmedia":[{"embeddable":true,"href":"https:\/\/car-media-shop.de\/index.php?rest_route=\/wp\/v2\/media\/58"}],"wp:attachment":[{"href":"https:\/\/car-media-shop.de\/index.php?rest_route=%2Fwp%2Fv2%2Fmedia&parent=64"}],"wp:term":[{"taxonomy":"product_brand","embeddable":true,"href":"https:\/\/car-media-shop.de\/index.php?rest_route=%2Fwp%2Fv2%2Fproduct_brand&post=64"},{"taxonomy":"product_cat","embeddable":true,"href":"https:\/\/car-media-shop.de\/index.php?rest_route=%2Fwp%2Fv2%2Fproduct_cat&post=64"},{"taxonomy":"product_tag","embeddable":true,"href":"https:\/\/car-media-shop.de\/index.php?rest_route=%2Fwp%2Fv2%2Fproduct_tag&post=64"}],"curies":[{"name":"wp","href":"https:\/\/api.w.org\/{rel}","templated":true}]}}