{"id":62,"date":"2020-04-02T12:07:39","date_gmt":"2020-04-02T10:07:39","guid":{"rendered":"http:\/\/car-media-shop.de\/?post_type=product&#038;p=62"},"modified":"2020-04-02T12:07:39","modified_gmt":"2020-04-02T10:07:39","slug":"snapper-bike-alarm","status":"publish","type":"product","link":"https:\/\/car-media-shop.de\/?product=snapper-bike-alarm","title":{"rendered":"Snapper Bike Alarm"},"content":{"rendered":"<p><span style=\"font-family: Verdana,Arial; font-size: small;\"><span style=\"font-family: Verdana;\">12 Volt Alarm- &amp; Komfortsystem<br \/>\nDas Motorradalarmsystem Snapper Bike Alarmsystem zeichnet sich durch einen sehr geringen Stromverbrauch aus (nur 0.4mA) und ist daher ideal f\u00fcr den Einbau in\u00a0alle Motorr\u00e4der, Motorroller, Scouter und Quads geeignet. Der Vorteil dieses Alarmsystems ist, das im Ger\u00e4t bereits ein digitaler Neigungssensor eingebaut ist. Dieser reagiert auf L\u00e4ngs- oder Querbewegungen des Fahrzeugs.<\/p>\n<p>&#8211; Steuerung erfolgt \u00fcber Funkhandsender mit Wechselcodierung<br \/>\n&#8211; lautstarke 12 Volt 1-Ton Power Sirene<br \/>\n&#8211; Alarmausl\u00f6sung durch Einschalten der Z\u00fcndung, Bewegung und Kontakt<br \/>\n&#8211; Stromkreisunterbrechung z.B. Anlasser<br \/>\n&#8211; Pr\u00fcfung Batteriestatus der Fernbedienung<br \/>\n&#8211; Servicemodus<br \/>\n&#8211; Alarmspeicher, speichert die letzten 10 Alarmmeldungen<br \/>\n&#8211; Blinkerrelais eingebaut<br \/>\n&#8211; Kurzschlu\u00dfsicherheit der Blinkerausg\u00e4nge und Sirene<br \/>\n&#8211; LED Funktionsanzeige<br \/>\n&#8211; Leises Sch\u00e4rfen oder Entsch\u00e4rfen<br \/>\n&#8211; Automatische Scharfschaltung (AUS, 1 Min., 3 Min., 5 Min.)<br \/>\n&#8211; Tempor\u00e4re Ausschaltung der automatsichen Scharfschaltung<br \/>\n&#8211; Bis zu 4 Fernbedienungen k\u00f6nnen an das System angelernt werden<br \/>\n&#8211; Sehr geringer Stromverbrauch im Normalbetrieb<br \/>\n&#8211; Anzeige einer schwachen Batterie in der Fernbedienung<\/span><\/span><br \/>\n<span style=\"font-family: Verdana,Arial; font-size: small;\"><span style=\"font-family: Verdana;\">&#8211; Anzeige einer schwachen Motorradbatterie<br \/>\n&#8211; Ansteuerung des Ortungssystem Pekasat Protect<br \/>\n&#8211; Alarmsystem in einem spritzwasser gesch\u00fctzen Geh\u00e4use<br \/>\n<strong>E-Zulassung<\/strong><\/span><\/span><\/p>\n<p><span style=\"font-family: Verdana,Arial; font-size: small;\"><span style=\"font-family: Verdana;\"><u>Lieferumfang:<\/u><br \/>\n12 Volt Snapper Bike Alarm<br \/>\n12 Volt 1-Ton Power Sirene<br \/>\n2x 2 Tasten Funkfernbedienungen<br \/>\nEinbau- und Bedienungsanleitung<\/span><\/span><\/p>\n","protected":false},"excerpt":{"rendered":"<p>12 Volt Alarm- &amp; Komfortsystem Das Motorradalarmsystem Snapper Bike Alarmsystem zeichnet sich durch einen sehr geringen Stromverbrauch aus (nur 0.4mA) und ist daher ideal f\u00fcr den Einbau in\u00a0alle Motorr\u00e4der, Motorroller, Scouter und Quads geeignet. Der Vorteil dieses Alarmsystems ist, das im Ger\u00e4t bereits ein digitaler Neigungssensor eingebaut ist. Dieser reagiert auf L\u00e4ngs- oder Querbewegungen des [&hellip;]<\/p>\n","protected":false},"featured_media":63,"comment_status":"open","ping_status":"closed","template":"","meta":[],"product_brand":[],"product_cat":[25],"product_tag":[],"class_list":{"0":"post-62","1":"product","2":"type-product","3":"status-publish","4":"has-post-thumbnail","6":"product_cat-motorradalarm","8":"first","9":"outofstock","10":"taxable","11":"shipping-taxable","12":"purchasable","13":"product-type-simple"},"jetpack_sharing_enabled":true,"_links":{"self":[{"href":"https:\/\/car-media-shop.de\/index.php?rest_route=\/wp\/v2\/product\/62","targetHints":{"allow":["GET"]}}],"collection":[{"href":"https:\/\/car-media-shop.de\/index.php?rest_route=\/wp\/v2\/product"}],"about":[{"href":"https:\/\/car-media-shop.de\/index.php?rest_route=\/wp\/v2\/types\/product"}],"replies":[{"embeddable":true,"href":"https:\/\/car-media-shop.de\/index.php?rest_route=%2Fwp%2Fv2%2Fcomments&post=62"}],"wp:featuredmedia":[{"embeddable":true,"href":"https:\/\/car-media-shop.de\/index.php?rest_route=\/wp\/v2\/media\/63"}],"wp:attachment":[{"href":"https:\/\/car-media-shop.de\/index.php?rest_route=%2Fwp%2Fv2%2Fmedia&parent=62"}],"wp:term":[{"taxonomy":"product_brand","embeddable":true,"href":"https:\/\/car-media-shop.de\/index.php?rest_route=%2Fwp%2Fv2%2Fproduct_brand&post=62"},{"taxonomy":"product_cat","embeddable":true,"href":"https:\/\/car-media-shop.de\/index.php?rest_route=%2Fwp%2Fv2%2Fproduct_cat&post=62"},{"taxonomy":"product_tag","embeddable":true,"href":"https:\/\/car-media-shop.de\/index.php?rest_route=%2Fwp%2Fv2%2Fproduct_tag&post=62"}],"curies":[{"name":"wp","href":"https:\/\/api.w.org\/{rel}","templated":true}]}}