{"id":57,"date":"2020-04-02T11:58:02","date_gmt":"2020-04-02T09:58:02","guid":{"rendered":"http:\/\/car-media-shop.de\/?post_type=product&#038;p=57"},"modified":"2022-03-18T08:31:59","modified_gmt":"2022-03-18T06:31:59","slug":"womo-3-snapper-can-bus-alarmsystem","status":"publish","type":"product","link":"https:\/\/car-media-shop.de\/?product=womo-3-snapper-can-bus-alarmsystem","title":{"rendered":"WoMo 3 SNAPPER CAN\u00a0BUS\u00a0Alarmsystem"},"content":{"rendered":"<p>Das Alarmsystem wird bevorzugt in Ford Transit, Fiat Talento, MAN TGE, Mercedes Sprinter, Renault Trafic, VW Crafter, VW T5\/T6 mit Kasten eingebaut.<br \/>\nGeschaltet wird das Alarmsystem zusammen mit der Werksfernbedienung. Zentralverriegelung (ZV) schlie\u00dfen = Alarm scharf, ZV \u00d6ffnen = Alarm unscharf.<\/p>\n<ul>\n<li>Liest alle relevanten Daten aus dem im Fahrzeug vorhandenen CAN DATEN BUS.<\/li>\n<li>Kein externes Programmierger\u00e4t erforderlich! Einstellungen durch Servicetaster<\/li>\n<li><strong>ideal f\u00fcr\u00a0<\/strong><strong>Ford Transit, Fiat Talento, MAN TGE, Mercedes Sprinter, Renault Trafic, VW Crafter, VW T5\/T6<\/strong><\/li>\n<li>schreibt\u00a0<u>nicht<\/u>\u00a0in den CAN DATEN BUS des Fahrzeugs!<\/li>\n<li>Wir verzichten grunds\u00e4tzlich auf die Ansteuerung von Fahrzeughupen, da die Leitungen, Sicherungen leicht manipulierbar sind.<\/li>\n<li>Wir liefern alle Alarmanlagen grunds\u00e4tzlich mit einer 6-Ton-Sirene!<\/li>\n<\/ul>\n<p>&#8211; Gesch\u00fctzt werden alle T\u00fcren und der Innenraum durch unseren Infraschallsensor! Gro\u00dfvolumige Luftdruckver\u00e4nderung f\u00fchrt zur Alarmausl\u00f6sung.<br \/>\n&#8211; Sensoren bleiben scharf, auch wenn im Fahrzeug geschlafen oder sich bewegt wird.<br \/>\n&#8211; Schutz gegen Aufschlagen von T\u00fcrschl\u00f6ssern und Einschlagen von Scheiben durch unseren 2-Zonen Schocksensor (Ersch\u00fctterungssensor), Vorwarnung einstellbar (in EU leider nicht zugelassen)<br \/>\n&#8211; Betrieb von mehreren Alarmsensoren per Plug &amp; Play<br \/>\n&#8211; Weitere Sensoren wie z.B. AntiJammingsensor, K.O.Gassensor, Neigungs-Lagesensor anschlie\u00dfbar<br \/>\n&#8211; Abschaltung der Sensoren bequem m\u00f6glich, aber Aussenhautsicherung aller T\u00fcren bleibt aktiv<br \/>\n&#8211; Nachr\u00fcstung fehlender Motorhaubenkontakt (<strong>bei allen FORD<\/strong>\u00a0<a href=\"https:\/\/www.pekatronic.de\/de\/Alarm-Zubehoer\/Tuerkontakt--Motorhaubenkontakt--Schiebetuerkontakt\/reed-kontakt-schliesser.html\" target=\"_blank\" rel=\"noopener noreferrer\">bitte Art.Nr: 0039 mitbestellen<\/a>) und damit Schutz vor Manipulation und \u00d6ffnen der Motorhaube<br \/>\n&#8211; \u00dcberwachung der Z\u00fcndung, System &#8222;schl\u00e4gt&#8220; Alarm wenn unberechtigt gestartet wird<br \/>\n&#8211; Die in der Alarmanlage vorhandene Wegfahrsperre verhindert ein Starten des Fahrzeugs<br \/>\n&#8211; Blinkleuchtensteuerung und Quittung<br \/>\n&#8211; Akustischer Quittungston (programmierbar)<br \/>\n&#8211; Anschluss f\u00fcr Zweitsirene und GSM\/GPS Ortungalarmsystem<br \/>\n&#8211; EU Zulassung<\/p>\n<p><u>Lieferung:<\/u><br \/>\nSnapper CAN BUS Alarm<br \/>\n1x 6-Ton-Sirene<br \/>\n1x rote Status LED<br \/>\n1x 2-Zonen-Schocksensor<br \/>\n1x Infraschall- Luftdrucksensor<br \/>\n1x Y-Adapter f\u00fcr 2 Alarmsensoren<\/p>\n","protected":false},"excerpt":{"rendered":"<p>WoMo 3 Snapper CAN BUS Alarm inkl. Innen- und Aussenschutz f\u00fcr Ford, MAN, Mercedes, Renault, VW mit Kastenaufbau<\/p>\n","protected":false},"featured_media":58,"comment_status":"open","ping_status":"closed","template":"","meta":[],"product_brand":[],"product_cat":[24],"product_tag":[],"class_list":{"0":"post-57","1":"product","2":"type-product","3":"status-publish","4":"has-post-thumbnail","6":"product_cat-wohnmobilalarmsysteme","8":"first","9":"instock","10":"taxable","11":"shipping-taxable","12":"purchasable","13":"product-type-simple"},"jetpack_sharing_enabled":true,"_links":{"self":[{"href":"https:\/\/car-media-shop.de\/index.php?rest_route=\/wp\/v2\/product\/57","targetHints":{"allow":["GET"]}}],"collection":[{"href":"https:\/\/car-media-shop.de\/index.php?rest_route=\/wp\/v2\/product"}],"about":[{"href":"https:\/\/car-media-shop.de\/index.php?rest_route=\/wp\/v2\/types\/product"}],"replies":[{"embeddable":true,"href":"https:\/\/car-media-shop.de\/index.php?rest_route=%2Fwp%2Fv2%2Fcomments&post=57"}],"wp:featuredmedia":[{"embeddable":true,"href":"https:\/\/car-media-shop.de\/index.php?rest_route=\/wp\/v2\/media\/58"}],"wp:attachment":[{"href":"https:\/\/car-media-shop.de\/index.php?rest_route=%2Fwp%2Fv2%2Fmedia&parent=57"}],"wp:term":[{"taxonomy":"product_brand","embeddable":true,"href":"https:\/\/car-media-shop.de\/index.php?rest_route=%2Fwp%2Fv2%2Fproduct_brand&post=57"},{"taxonomy":"product_cat","embeddable":true,"href":"https:\/\/car-media-shop.de\/index.php?rest_route=%2Fwp%2Fv2%2Fproduct_cat&post=57"},{"taxonomy":"product_tag","embeddable":true,"href":"https:\/\/car-media-shop.de\/index.php?rest_route=%2Fwp%2Fv2%2Fproduct_tag&post=57"}],"curies":[{"name":"wp","href":"https:\/\/api.w.org\/{rel}","templated":true}]}}