{"id":47,"date":"2020-04-02T10:27:26","date_gmt":"2020-04-02T08:27:26","guid":{"rendered":"http:\/\/car-media-shop.de\/?post_type=product&#038;p=47"},"modified":"2020-04-02T10:28:59","modified_gmt":"2020-04-02T08:28:59","slug":"womo-1-snapper-canbus-alarmsystem-fuer-fiat-ducato-kasten","status":"publish","type":"product","link":"https:\/\/car-media-shop.de\/?product=womo-1-snapper-canbus-alarmsystem-fuer-fiat-ducato-kasten","title":{"rendered":"WoMo 1 Snapper CanBus Alarmsystem f\u00fcr Fiat Ducato &#8222;Kasten&#8220;"},"content":{"rendered":"<p>Alarmsystem inkl. K.I.S.S Technologie f\u00fcr Fahrzeuge mit Kastenaufbau<br \/>\nDas Alarmsystem wird v\u00f6llig unabh\u00e4ngig von den vorhandenen FIAT Fernbedienungen mit unseren Snapper Fernbedienungen geschaltet. Und schlie\u00dft somit\u00a0 die Sicherheitsl\u00fccke der FIAT Fernbedienungen (und kompatible Fahrzeuge wie Citroen Jumper, Peugeot Boxer, Iveco Daily). Ein Fahrzeug wird fast immer durch zwei Personen bewegt, daher liefern wir auch grunds\u00e4tzlich\u00a0<u>immer zwei Funkfernbedienungen<\/u>! Diese 3-Tasten Fernbedienungen steuern 1 zu 1 die gewohnten Funktionen der Fiat Fernbedienung, Zentralverriegelung vorn, Fahrer- und Beifahrert\u00fcr, Schiebet\u00fcr und Heckt\u00fcren.<\/p>\n<ul>\n<li>Liest alle relevanten Daten aus dem im Fahrzeug vorhandenen CAN DATEN BUS.<\/li>\n<li>Kein externes Programmierger\u00e4t erforderlich! Einstellungen durch Servicetaster<\/li>\n<li><strong>ideal f\u00fcr alle Fahrzeuge auf Basis der FIAT Ducato Plattform<\/strong><\/li>\n<li>schreibt\u00a0<u>nicht<\/u>\u00a0in den CAN DATEN BUS des Fahrzeugs!<\/li>\n<li>keine Anschaffung von teuren Zweitfernbedienungen (bis zu ~ 230 \u20ac \/ St\u00fcck)<\/li>\n<li>kein Fr\u00e4sen von zus\u00e4tzlichen Schl\u00fcsseln<\/li>\n<li>kein Austausch von Platinen der Fernbedienungen erforderlich<\/li>\n<li>keine Anschaffung von Wegfahrsperrenlinsen (Transponder) f\u00fcr die Fiat werkseitige Wegfahrsperre.<\/li>\n<li>keine (teure) Programmierung von Fernbedienungen und Transponderlinsen erforderlich<\/li>\n<li>keine Anschaffung und Installation eines neuen Funkempf\u00e4ngers der dann mit sicheren Funksignalcodes arbeitet<\/li>\n<li>Funkempf\u00e4nger f\u00fcr Funksignale unserer Fernbedienungen ist bereits in der CAN BUS Alarmanlage eingebaut<\/li>\n<li>3-Tasten Fernbedienungen \u00fcbertragen Funksignale per Rollcode \/ Wechselcode<\/li>\n<li>Zwei Fernbedienungen bereits im Lieferumfang!<\/li>\n<li>Wir verzichten auf die Ansteuerung von Fahrzeughupen, da die Leitungen, Sicherungen leicht manipulierbar sind.<\/li>\n<li>Wir liefern alle Alarmanlagen grunds\u00e4tzlich mit einer 6-Ton-Sirene!<\/li>\n<\/ul>\n<p>&#8211; Gesch\u00fctzt werden alle T\u00fcren und der Innenraum durch unseren Infraschallsensor! Gro\u00dfvolumige Luftdruckver\u00e4nderung f\u00fchrt zur Alarmausl\u00f6sung.<br \/>\n&#8211; Sensoren bleiben scharf, auch wenn im Fahrzeug geschlafen oder sich bewegt wird.<br \/>\n&#8211; Schutz gegen Aufschlagen von T\u00fcrschl\u00f6ssern und Einschlagen von Scheiben durch unseren 2-Zonen Schocksensor (Ersch\u00fctterungssensor), Vorwarnung einstellbar (in EU leider nicht zugelassen)<br \/>\n&#8211; Betrieb von mehreren Alarmsensoren per Plug &amp; Play<br \/>\n&#8211; Weitere Sensoren wie z.B. AntiJammingsensor, K.O.Gassensor, Neigungs-Lagesensor anschlie\u00dfbar<br \/>\n&#8211; Abschaltung der Sensoren bequem m\u00f6glich, aber Aussenhautsicherung aller T\u00fcren bleibt aktiv<br \/>\n&#8211; Nachr\u00fcstung fehlender Motorhaubenkontakt und damit Schutz vor Manipulation und \u00d6ffnen der Motorhaube<br \/>\n&#8211; \u00dcberwachung der Z\u00fcndung, System &#8222;schl\u00e4gt&#8220; Alarm wenn unberechtigt gestartet wird<br \/>\n&#8211; Die in der Alarmanlage vorhandene Wegfahrsperre verhindert ein Starten des Fahrzeugs<br \/>\n&#8211; Blinkleuchtensteuerung und Quittung<br \/>\n&#8211; Akustischer Quittungston (selbst programmierbar)<br \/>\n&#8211; Anschluss f\u00fcr Zweitsirene und GSM\/GPS Ortungalarmsystem<br \/>\n&#8211; EU Zulassung<\/p>\n<p><u>Lieferung:<\/u><br \/>\nSnapper CAN BUS Alarmsystem<br \/>\n2x codierten Funkfernbedienungen (Rollcode)<br \/>\n1x 6-Ton-Sirene<br \/>\n1x rote Status LED<br \/>\n1x 2-Zonen-Schocksensor<br \/>\n1x Infraschall &#8211; Luftdrucksensor<br \/>\n1x Reed Kontakt Schlie\u00dfer (f\u00fcr Motorhaube)<br \/>\n1x Y-Adapter f\u00fcr 2 Alarmsensoren<\/p>\n","protected":false},"excerpt":{"rendered":"<p>Alarmsystem inkl. K.I.S.S Technologie f\u00fcr Fahrzeuge mit Kastenaufbau<\/p>\n","protected":false},"featured_media":52,"comment_status":"open","ping_status":"closed","template":"","meta":[],"product_brand":[],"product_cat":[24],"product_tag":[],"class_list":{"0":"post-47","1":"product","2":"type-product","3":"status-publish","4":"has-post-thumbnail","6":"product_cat-wohnmobilalarmsysteme","8":"first","9":"instock","10":"taxable","11":"shipping-taxable","12":"purchasable","13":"product-type-simple"},"jetpack_sharing_enabled":true,"_links":{"self":[{"href":"https:\/\/car-media-shop.de\/index.php?rest_route=\/wp\/v2\/product\/47","targetHints":{"allow":["GET"]}}],"collection":[{"href":"https:\/\/car-media-shop.de\/index.php?rest_route=\/wp\/v2\/product"}],"about":[{"href":"https:\/\/car-media-shop.de\/index.php?rest_route=\/wp\/v2\/types\/product"}],"replies":[{"embeddable":true,"href":"https:\/\/car-media-shop.de\/index.php?rest_route=%2Fwp%2Fv2%2Fcomments&post=47"}],"wp:featuredmedia":[{"embeddable":true,"href":"https:\/\/car-media-shop.de\/index.php?rest_route=\/wp\/v2\/media\/52"}],"wp:attachment":[{"href":"https:\/\/car-media-shop.de\/index.php?rest_route=%2Fwp%2Fv2%2Fmedia&parent=47"}],"wp:term":[{"taxonomy":"product_brand","embeddable":true,"href":"https:\/\/car-media-shop.de\/index.php?rest_route=%2Fwp%2Fv2%2Fproduct_brand&post=47"},{"taxonomy":"product_cat","embeddable":true,"href":"https:\/\/car-media-shop.de\/index.php?rest_route=%2Fwp%2Fv2%2Fproduct_cat&post=47"},{"taxonomy":"product_tag","embeddable":true,"href":"https:\/\/car-media-shop.de\/index.php?rest_route=%2Fwp%2Fv2%2Fproduct_tag&post=47"}],"curies":[{"name":"wp","href":"https:\/\/api.w.org\/{rel}","templated":true}]}}