{"id":41,"date":"2020-04-02T09:21:01","date_gmt":"2020-04-02T07:21:01","guid":{"rendered":"http:\/\/car-media-shop.de\/?post_type=product&#038;p=41"},"modified":"2020-04-02T09:21:01","modified_gmt":"2020-04-02T07:21:01","slug":"24v-alarmsystem","status":"publish","type":"product","link":"https:\/\/car-media-shop.de\/?product=24v-alarmsystem","title":{"rendered":"24V Alarmsystem"},"content":{"rendered":"<p><u><span style=\"font-family: Verdana,Arial;\"><b><span style=\"font-family: Verdana;\">24 VOLT Alarmsystem<\/span><\/b><\/span><\/u><br \/>\n<span style=\"font-family: Verdana,Arial; font-size: small;\"><span style=\"font-family: Verdana;\">24 Volt Alarm- &amp; Komfortsystem<br \/>\n&#8211; ideal f\u00fcr alle Fahrzeuge mit 24 Volt Bordnetz (LKW, Wohnmobile, Yachten)<br \/>\n&#8211; inkl. 2x 3-Tasten Funkhandsender<br \/>\n&#8211; 24Volt 6-Ton-Sirene<br \/>\n&#8211; Alarmausl\u00f6sung durch \u00d6ffnen der T\u00fcren, Motorhaube, Kofferraum, Sensoren und Einschalten der Z\u00fcndung (Z\u00fcndungs\u00fcberwachung)<br \/>\n&#8211; 1 x Unterbrechung f\u00fcr z.b. Anlasser<br \/>\n&#8211; Blinkerrelais eingebaut<br \/>\n&#8211; ZV Steuerung<br \/>\n&#8211; 1x Zubeh\u00f6rkanal z.B. Fensterheber<br \/>\n&#8211; Fehler und History Report<br \/>\n&#8211; Eingang f\u00fcr 12 Volt Alarmsensoren<\/p>\n<p><u>Lieferumfang:<\/u><br \/>\n24 Volt Alarmsystem<br \/>\n2x 3-Tasten-Funkhandsender<br \/>\n24Volt 6-Ton-Sirene<br \/>\nServicetaster<br \/>\nStatus-LED<br \/>\nEinbau- und Bedienungsanleitung<\/span><\/span><\/p>\n","protected":false},"excerpt":{"rendered":"<p><span style=\"font-family: Verdana,Arial; font-size: small;\"><span style=\"font-family: Verdana;\">ideal f\u00fcr alle Fahrzeuge mit 24 Volt Bordnetz (LKW, Wohnmobile, Yachten)<\/span><\/span><\/p>\n","protected":false},"featured_media":42,"comment_status":"open","ping_status":"closed","template":"","meta":[],"product_brand":[],"product_cat":[17],"product_tag":[],"class_list":{"0":"post-41","1":"product","2":"type-product","3":"status-publish","4":"has-post-thumbnail","6":"product_cat-alarmanlagen-mit-fb","8":"first","9":"instock","10":"taxable","11":"shipping-taxable","12":"purchasable","13":"product-type-simple"},"jetpack_sharing_enabled":true,"_links":{"self":[{"href":"https:\/\/car-media-shop.de\/index.php?rest_route=\/wp\/v2\/product\/41","targetHints":{"allow":["GET"]}}],"collection":[{"href":"https:\/\/car-media-shop.de\/index.php?rest_route=\/wp\/v2\/product"}],"about":[{"href":"https:\/\/car-media-shop.de\/index.php?rest_route=\/wp\/v2\/types\/product"}],"replies":[{"embeddable":true,"href":"https:\/\/car-media-shop.de\/index.php?rest_route=%2Fwp%2Fv2%2Fcomments&post=41"}],"wp:featuredmedia":[{"embeddable":true,"href":"https:\/\/car-media-shop.de\/index.php?rest_route=\/wp\/v2\/media\/42"}],"wp:attachment":[{"href":"https:\/\/car-media-shop.de\/index.php?rest_route=%2Fwp%2Fv2%2Fmedia&parent=41"}],"wp:term":[{"taxonomy":"product_brand","embeddable":true,"href":"https:\/\/car-media-shop.de\/index.php?rest_route=%2Fwp%2Fv2%2Fproduct_brand&post=41"},{"taxonomy":"product_cat","embeddable":true,"href":"https:\/\/car-media-shop.de\/index.php?rest_route=%2Fwp%2Fv2%2Fproduct_cat&post=41"},{"taxonomy":"product_tag","embeddable":true,"href":"https:\/\/car-media-shop.de\/index.php?rest_route=%2Fwp%2Fv2%2Fproduct_tag&post=41"}],"curies":[{"name":"wp","href":"https:\/\/api.w.org\/{rel}","templated":true}]}}