{"id":27,"date":"2020-04-02T08:03:33","date_gmt":"2020-04-02T06:03:33","guid":{"rendered":"http:\/\/car-media-shop.de\/?post_type=product&#038;p=27"},"modified":"2020-04-02T08:03:33","modified_gmt":"2020-04-02T06:03:33","slug":"snapper-classic","status":"publish","type":"product","link":"https:\/\/car-media-shop.de\/?product=snapper-classic","title":{"rendered":"Snapper Classic"},"content":{"rendered":"<p><u><span style=\"font-family: Verdana,Arial;\"><b><span style=\"font-family: Verdana;\">SNAPPER Classic<\/span><\/b><\/span><\/u><br \/>\n<span style=\"font-family: Verdana,Arial; font-size: small;\"><span style=\"font-family: Verdana;\">Die neue gehobene Alarmanlage mit &#8222;allem&#8220; an Features und Funktionen die wichtig sind!<br \/>\nAnaloges Alarmsystem zum Einbau in allen Fahrzeugen ohne CAN BUS! Ideal f\u00fcr Oldtimer oder Youngtimer.<br \/>\n&#8211; 2x 4-Tasten-Funkfernbedienungen<br \/>\n&#8211; Europafrequenz 433.92 MHz und Wechselcode<br \/>\n&#8211; Steuerung aller ZV&#8220;s<br \/>\n&#8211; schaltet bis zu 4 Stellmotoren<br \/>\n&#8211; Doppelimpuls beim \u00d6ffnen und Schlie\u00dfen<br \/>\n&#8211; Steuerung der Blinkleuchten<br \/>\n&#8211; Steuerung Sirene oder Hupe<br \/>\n&#8211; digitaler Anschlu\u00df an Ortungssystem Pekasat iKey mittels BUS Kabel<br \/>\n&#8211; 3 Zubeh\u00f6rkan\u00e4le (1x Impuls, 1x programmierbar (30Sek.) als Komfortschlie\u00dfung, 1x Innenlichtsteuerung)<br \/>\n&#8211; 5 Alarmlinien, T\u00fcren, Motorhaube, Kofferarum, Z\u00fcndung, Sensoren<br \/>\n&#8211; 2-Zonen-Vorwarnsystem<br \/>\n&#8211; inkl. 2 Zonen Schocksensor<br \/>\n&#8211; inkl. 2 Y-Adapter zum Plug &amp; Play Anschlu\u00df von bis zu vier Sensoren<br \/>\n&#8211; inkl. 6-Ton-Sirene<br \/>\n&#8211; inkl. roter Status-LED<\/span><\/span><\/p>\n","protected":false},"excerpt":{"rendered":"<p><span style=\"font-family: Verdana,Arial; font-size: small;\"><span style=\"font-family: Verdana;\">Analoges Alarmsystem zum Einbau in alle Fahrzeugen ohne CAN BUS!<\/span><\/span><\/p>\n","protected":false},"featured_media":28,"comment_status":"open","ping_status":"closed","template":"","meta":[],"product_brand":[],"product_cat":[17],"product_tag":[19,21,22,20],"class_list":{"0":"post-27","1":"product","2":"type-product","3":"status-publish","4":"has-post-thumbnail","6":"product_cat-alarmanlagen-mit-fb","7":"product_tag-alarmanlage","8":"product_tag-funkfernbedienung","9":"product_tag-motorhaubenkontakt","10":"product_tag-sirene","12":"first","13":"instock","14":"taxable","15":"shipping-taxable","16":"purchasable","17":"product-type-simple"},"jetpack_sharing_enabled":true,"_links":{"self":[{"href":"https:\/\/car-media-shop.de\/index.php?rest_route=\/wp\/v2\/product\/27","targetHints":{"allow":["GET"]}}],"collection":[{"href":"https:\/\/car-media-shop.de\/index.php?rest_route=\/wp\/v2\/product"}],"about":[{"href":"https:\/\/car-media-shop.de\/index.php?rest_route=\/wp\/v2\/types\/product"}],"replies":[{"embeddable":true,"href":"https:\/\/car-media-shop.de\/index.php?rest_route=%2Fwp%2Fv2%2Fcomments&post=27"}],"wp:featuredmedia":[{"embeddable":true,"href":"https:\/\/car-media-shop.de\/index.php?rest_route=\/wp\/v2\/media\/28"}],"wp:attachment":[{"href":"https:\/\/car-media-shop.de\/index.php?rest_route=%2Fwp%2Fv2%2Fmedia&parent=27"}],"wp:term":[{"taxonomy":"product_brand","embeddable":true,"href":"https:\/\/car-media-shop.de\/index.php?rest_route=%2Fwp%2Fv2%2Fproduct_brand&post=27"},{"taxonomy":"product_cat","embeddable":true,"href":"https:\/\/car-media-shop.de\/index.php?rest_route=%2Fwp%2Fv2%2Fproduct_cat&post=27"},{"taxonomy":"product_tag","embeddable":true,"href":"https:\/\/car-media-shop.de\/index.php?rest_route=%2Fwp%2Fv2%2Fproduct_tag&post=27"}],"curies":[{"name":"wp","href":"https:\/\/api.w.org\/{rel}","templated":true}]}}