{"id":151,"date":"2020-04-02T13:37:13","date_gmt":"2020-04-02T11:37:13","guid":{"rendered":"http:\/\/car-media-shop.de\/?post_type=product&#038;p=151"},"modified":"2024-06-20T08:19:34","modified_gmt":"2024-06-20T06:19:34","slug":"reed-kontakt-funkmelder","status":"publish","type":"product","link":"https:\/\/car-media-shop.de\/?product=reed-kontakt-funkmelder","title":{"rendered":"Reed Kontakt Funkmelder"},"content":{"rendered":"<div lang=\"de-DE\" align=\"JUSTIFY\">\n<div class=\"western\">\n<p>&#8211; ideal einsetzbar in Wohnmobile, Caravan, Garagen und Yachten<br \/>\n&#8211;\u00a0anlernbar an Snapper Classic, Snapper Classic Caravan und an Snapper Funkempf\u00e4nger (Art.Nr: 7075)<br \/>\n&#8211; KEINE VERKABELUNG ZUR ALARMANLAGE!<br \/>\n&#8211; Frequenz: 433.92 MHz<br \/>\n&#8211; sendet im Alarmfall ein codiertes Signal an die Alarmanlage<br \/>\n&#8211; Reichweite bis 30 m.<br \/>\n&#8211; eigene Stromversorgung (9 Volt Block)<br \/>\n&#8211; Stromverbrauch: je nach Nutzung mehrere Jahre, jedoch ist auf die Lebensdauer der Batterie zu beachten. Durch Nutzung von 9 Volt Block Lithion Batterien (Nutzung auch in Rauchmeldern) kann die Lebensdauer erheblich vergr\u00f6\u00dfert werden.<br \/>\n&#8211; Reed- Magnetkontakte ideal zur Sicherung von T\u00fcren, Fenster und Stauklappen (1 Paar bereits im Lieferumfang).<br \/>\n&#8211; weitere in Reihe geschaltete Reedkontakte bieten Schutz f\u00fcr mehrere Stauklappen, Fenster und T\u00fcren die verdrahtet werden k\u00f6nnen.<br \/>\nLieferung:<br \/>\n1x Reed Kontakt Funkmelder<br \/>\n1x Reedkontakt und Magnet<br \/>\n1x 9V Block Batterie<\/p>\n<\/div>\n<\/div>\n","protected":false},"excerpt":{"rendered":"<p>Reed Kontakt Funkmelder<\/p>\n","protected":false},"featured_media":152,"comment_status":"open","ping_status":"closed","template":"","meta":[],"product_brand":[],"product_cat":[30],"product_tag":[],"class_list":{"0":"post-151","1":"product","2":"type-product","3":"status-publish","4":"has-post-thumbnail","6":"product_cat-alarmanlagen-zubehoer","8":"first","9":"outofstock","10":"taxable","11":"shipping-taxable","12":"purchasable","13":"product-type-simple"},"jetpack_sharing_enabled":true,"_links":{"self":[{"href":"https:\/\/car-media-shop.de\/index.php?rest_route=\/wp\/v2\/product\/151","targetHints":{"allow":["GET"]}}],"collection":[{"href":"https:\/\/car-media-shop.de\/index.php?rest_route=\/wp\/v2\/product"}],"about":[{"href":"https:\/\/car-media-shop.de\/index.php?rest_route=\/wp\/v2\/types\/product"}],"replies":[{"embeddable":true,"href":"https:\/\/car-media-shop.de\/index.php?rest_route=%2Fwp%2Fv2%2Fcomments&post=151"}],"wp:featuredmedia":[{"embeddable":true,"href":"https:\/\/car-media-shop.de\/index.php?rest_route=\/wp\/v2\/media\/152"}],"wp:attachment":[{"href":"https:\/\/car-media-shop.de\/index.php?rest_route=%2Fwp%2Fv2%2Fmedia&parent=151"}],"wp:term":[{"taxonomy":"product_brand","embeddable":true,"href":"https:\/\/car-media-shop.de\/index.php?rest_route=%2Fwp%2Fv2%2Fproduct_brand&post=151"},{"taxonomy":"product_cat","embeddable":true,"href":"https:\/\/car-media-shop.de\/index.php?rest_route=%2Fwp%2Fv2%2Fproduct_cat&post=151"},{"taxonomy":"product_tag","embeddable":true,"href":"https:\/\/car-media-shop.de\/index.php?rest_route=%2Fwp%2Fv2%2Fproduct_tag&post=151"}],"curies":[{"name":"wp","href":"https:\/\/api.w.org\/{rel}","templated":true}]}}