{"id":147,"date":"2020-04-02T13:25:35","date_gmt":"2020-04-02T11:25:35","guid":{"rendered":"http:\/\/car-media-shop.de\/?post_type=product&#038;p=147"},"modified":"2024-06-20T08:19:35","modified_gmt":"2024-06-20T06:19:35","slug":"reed-kontakt-3-pol","status":"publish","type":"product","link":"https:\/\/car-media-shop.de\/?product=reed-kontakt-3-pol","title":{"rendered":"Reed Kontakt 3 pol."},"content":{"rendered":"<div lang=\"de-DE\" align=\"JUSTIFY\">\n<div class=\"western\">\n<p>&#8211; \u00d6ffner- und Schliesserkontakt<br \/>\n&#8211; ersetzt die Funktion eines &#8222;normalen&#8220; T\u00fcrkontaktes.<br \/>\n&#8211; Einsatz im Wohnmobil, Caravan und Yachtbereich, \u00fcberall dort wo keine mechanisch tiefen L\u00f6cher gebohrt werden k\u00f6nnen.<br \/>\n&#8211; Der Kontakt ist in einem geschlossenen Geh\u00e4use untergebracht und reagiert nur auf einen Magneten (gleiches Geh\u00e4use) in einem Abstand von 1 bis 2 cm.<br \/>\n&#8211; Entfernen Sie den Magneten schaltet der Kontakt und gibt dann z.B. ein Massesignal auf eine Alarmanlage.<br \/>\n&#8211; Funktion wie T\u00fcr(masse)kontakt.<br \/>\n&#8211; f\u00fcr PEKATRONIC Alarmsysteme geeignet<br \/>\n&#8211; f\u00fcr SNAPPER Alarmsysteme geeignet<br \/>\n&#8211; ideale Erweiterung f\u00fcr Reed-Kontaktsender Caravan<br \/>\nMa\u00dfe: ca. 63(B)x14(H)x12(T)<br \/>\nAbbildung \u00e4hnlich, kann abweichen!<\/p>\n<\/div>\n<\/div>\n","protected":false},"excerpt":{"rendered":"<p>Reed Kontakt 3 pol.<\/p>\n","protected":false},"featured_media":148,"comment_status":"open","ping_status":"closed","template":"","meta":[],"product_brand":[],"product_cat":[30],"product_tag":[],"class_list":{"0":"post-147","1":"product","2":"type-product","3":"status-publish","4":"has-post-thumbnail","6":"product_cat-alarmanlagen-zubehoer","8":"first","9":"outofstock","10":"taxable","11":"shipping-taxable","12":"purchasable","13":"product-type-simple"},"jetpack_sharing_enabled":true,"_links":{"self":[{"href":"https:\/\/car-media-shop.de\/index.php?rest_route=\/wp\/v2\/product\/147","targetHints":{"allow":["GET"]}}],"collection":[{"href":"https:\/\/car-media-shop.de\/index.php?rest_route=\/wp\/v2\/product"}],"about":[{"href":"https:\/\/car-media-shop.de\/index.php?rest_route=\/wp\/v2\/types\/product"}],"replies":[{"embeddable":true,"href":"https:\/\/car-media-shop.de\/index.php?rest_route=%2Fwp%2Fv2%2Fcomments&post=147"}],"wp:featuredmedia":[{"embeddable":true,"href":"https:\/\/car-media-shop.de\/index.php?rest_route=\/wp\/v2\/media\/148"}],"wp:attachment":[{"href":"https:\/\/car-media-shop.de\/index.php?rest_route=%2Fwp%2Fv2%2Fmedia&parent=147"}],"wp:term":[{"taxonomy":"product_brand","embeddable":true,"href":"https:\/\/car-media-shop.de\/index.php?rest_route=%2Fwp%2Fv2%2Fproduct_brand&post=147"},{"taxonomy":"product_cat","embeddable":true,"href":"https:\/\/car-media-shop.de\/index.php?rest_route=%2Fwp%2Fv2%2Fproduct_cat&post=147"},{"taxonomy":"product_tag","embeddable":true,"href":"https:\/\/car-media-shop.de\/index.php?rest_route=%2Fwp%2Fv2%2Fproduct_tag&post=147"}],"curies":[{"name":"wp","href":"https:\/\/api.w.org\/{rel}","templated":true}]}}