{"id":145,"date":"2020-04-02T13:24:41","date_gmt":"2020-04-02T11:24:41","guid":{"rendered":"http:\/\/car-media-shop.de\/?post_type=product&#038;p=145"},"modified":"2024-06-20T08:19:35","modified_gmt":"2024-06-20T06:19:35","slug":"schiebetuerkontakt","status":"publish","type":"product","link":"https:\/\/car-media-shop.de\/?product=schiebetuerkontakt","title":{"rendered":"Schiebet\u00fcrkontakt"},"content":{"rendered":"<div lang=\"de-DE\" align=\"JUSTIFY\">\n<div class=\"western\">\n<p>hochwertige Spezialkontakte f\u00fcr Schiebet\u00fcren<br \/>\n&#8211; ideal f\u00fcr die Nachr\u00fcstung von Stellmotoren in der Schiebet\u00fcr<br \/>\n&#8211; sehr professionelle L\u00f6sung<br \/>\n&#8211; ideal f\u00fcr den Betrieb von Servomotoren oder Betrieb von Lautsprechern<br \/>\n&#8211; sehr robuste und stabile Ausf\u00fchrung<br \/>\nLieferung 1x 2pol. Schiebet\u00fcrkontakt f\u00fcr eine Schiebet\u00fcr mit Dichtung, Schrauben und Zubeh\u00f6r<\/p>\n<\/div>\n<\/div>\n","protected":false},"excerpt":{"rendered":"<p>Schiebet\u00fcrkontakt<\/p>\n","protected":false},"featured_media":146,"comment_status":"open","ping_status":"closed","template":"","meta":[],"product_brand":[],"product_cat":[30],"product_tag":[],"class_list":{"0":"post-145","1":"product","2":"type-product","3":"status-publish","4":"has-post-thumbnail","6":"product_cat-alarmanlagen-zubehoer","8":"first","9":"outofstock","10":"taxable","11":"shipping-taxable","12":"purchasable","13":"product-type-simple"},"jetpack_sharing_enabled":true,"_links":{"self":[{"href":"https:\/\/car-media-shop.de\/index.php?rest_route=\/wp\/v2\/product\/145","targetHints":{"allow":["GET"]}}],"collection":[{"href":"https:\/\/car-media-shop.de\/index.php?rest_route=\/wp\/v2\/product"}],"about":[{"href":"https:\/\/car-media-shop.de\/index.php?rest_route=\/wp\/v2\/types\/product"}],"replies":[{"embeddable":true,"href":"https:\/\/car-media-shop.de\/index.php?rest_route=%2Fwp%2Fv2%2Fcomments&post=145"}],"wp:featuredmedia":[{"embeddable":true,"href":"https:\/\/car-media-shop.de\/index.php?rest_route=\/wp\/v2\/media\/146"}],"wp:attachment":[{"href":"https:\/\/car-media-shop.de\/index.php?rest_route=%2Fwp%2Fv2%2Fmedia&parent=145"}],"wp:term":[{"taxonomy":"product_brand","embeddable":true,"href":"https:\/\/car-media-shop.de\/index.php?rest_route=%2Fwp%2Fv2%2Fproduct_brand&post=145"},{"taxonomy":"product_cat","embeddable":true,"href":"https:\/\/car-media-shop.de\/index.php?rest_route=%2Fwp%2Fv2%2Fproduct_cat&post=145"},{"taxonomy":"product_tag","embeddable":true,"href":"https:\/\/car-media-shop.de\/index.php?rest_route=%2Fwp%2Fv2%2Fproduct_tag&post=145"}],"curies":[{"name":"wp","href":"https:\/\/api.w.org\/{rel}","templated":true}]}}