{"id":122,"date":"2020-04-02T13:00:21","date_gmt":"2020-04-02T11:00:21","guid":{"rendered":"http:\/\/car-media-shop.de\/?post_type=product&#038;p=122"},"modified":"2020-04-02T13:01:07","modified_gmt":"2020-04-02T11:01:07","slug":"pekatronic-neigungs-und-lagesensor","status":"publish","type":"product","link":"https:\/\/car-media-shop.de\/?product=pekatronic-neigungs-und-lagesensor","title":{"rendered":"PEKATRONIC Neigungs- und Lagesensor"},"content":{"rendered":"<div lang=\"de-DE\" align=\"JUSTIFY\">\n<p>&#8211; Elektronischer Neigungssensor sichert Fahrzeuge gegen Abschleppen und Lagever\u00e4nderung<br \/>\n&#8211; Elektronische Lagemessung der L\u00e4ngs- und Querachse (X und Y-Achse).<br \/>\n&#8211; Ansprechempfindlichkeit in vier Stufen einstellbar<br \/>\n&#8211; Vier verschiedene Empfindlichkeiten 0.5, 1.0, 2.0 und 3.0 Grad \u00fcber Steckbr\u00fccken selektierbar<br \/>\n&#8211; Kompakte Bauweise, kleiner als Streichholzschachtel<br \/>\n&#8211; Einfache Installation<br \/>\n&#8211; Sensor erkennt gleichzeite Ver\u00e4nderung der X und Y-Achse.<br \/>\n&#8211; Automatische R\u00fccksetzung der Lagemessung nach Scharf- Unscharfschaltung<br \/>\n&#8211; Alarmierung mit LED Kontrollanzeige \u00fcber eine Lagever\u00e4nderung l\u00e4nger als 0.5 Sekunden<br \/>\n&#8211; Stromverbrauch\u00a0nur\u00a00.5mA im Standby Betrieb<\/p>\n<\/div>\n","protected":false},"excerpt":{"rendered":"<p>PEKATRONIC Neigungs- und Lagesensor<\/p>\n","protected":false},"featured_media":49,"comment_status":"open","ping_status":"closed","template":"","meta":[],"product_brand":[],"product_cat":[30],"product_tag":[],"class_list":{"0":"post-122","1":"product","2":"type-product","3":"status-publish","4":"has-post-thumbnail","6":"product_cat-alarmanlagen-zubehoer","8":"first","9":"instock","10":"taxable","11":"shipping-taxable","12":"purchasable","13":"product-type-simple"},"jetpack_sharing_enabled":true,"_links":{"self":[{"href":"https:\/\/car-media-shop.de\/index.php?rest_route=\/wp\/v2\/product\/122","targetHints":{"allow":["GET"]}}],"collection":[{"href":"https:\/\/car-media-shop.de\/index.php?rest_route=\/wp\/v2\/product"}],"about":[{"href":"https:\/\/car-media-shop.de\/index.php?rest_route=\/wp\/v2\/types\/product"}],"replies":[{"embeddable":true,"href":"https:\/\/car-media-shop.de\/index.php?rest_route=%2Fwp%2Fv2%2Fcomments&post=122"}],"wp:featuredmedia":[{"embeddable":true,"href":"https:\/\/car-media-shop.de\/index.php?rest_route=\/wp\/v2\/media\/49"}],"wp:attachment":[{"href":"https:\/\/car-media-shop.de\/index.php?rest_route=%2Fwp%2Fv2%2Fmedia&parent=122"}],"wp:term":[{"taxonomy":"product_brand","embeddable":true,"href":"https:\/\/car-media-shop.de\/index.php?rest_route=%2Fwp%2Fv2%2Fproduct_brand&post=122"},{"taxonomy":"product_cat","embeddable":true,"href":"https:\/\/car-media-shop.de\/index.php?rest_route=%2Fwp%2Fv2%2Fproduct_cat&post=122"},{"taxonomy":"product_tag","embeddable":true,"href":"https:\/\/car-media-shop.de\/index.php?rest_route=%2Fwp%2Fv2%2Fproduct_tag&post=122"}],"curies":[{"name":"wp","href":"https:\/\/api.w.org\/{rel}","templated":true}]}}