{"id":113,"date":"2020-04-02T12:54:45","date_gmt":"2020-04-02T10:54:45","guid":{"rendered":"http:\/\/car-media-shop.de\/?post_type=product&#038;p=113"},"modified":"2023-10-25T11:18:15","modified_gmt":"2023-10-25T09:18:15","slug":"pekasat-protect-jamming-2g-gsm-gps-gprs-ortungsalarmsystem","status":"publish","type":"product","link":"https:\/\/car-media-shop.de\/?product=pekasat-protect-jamming-2g-gsm-gps-gprs-ortungsalarmsystem","title":{"rendered":"PEKASAT Protect Jamming 2G GSM\/GPS\/GPRS Ortungsalarmsystem"},"content":{"rendered":"<p><span style=\"font-family: Verdana,Arial;\"><span style=\"font-family: Verdana;\">Extrem kleines Ortungssystem <\/span><\/span><span style=\"font-family: Verdana,Arial;\"><span style=\"font-family: Verdana;\"><u>mit eingebauten AntiJamming Sensor<\/u><\/span><\/span><span style=\"font-family: Verdana,Arial;\"><span style=\"font-family: Verdana;\">. Die AntiJamming Technologie erkennt den Einsatz von Funkst\u00f6rsendern (Jammern) und alarmiert per lautstarker Piezosirene (optional) und durch Ansteuerung einer Alarmanlage.<\/span><\/span><br \/>\n<span style=\"font-family: Verdana,Arial;\"><span style=\"font-family: Verdana;\">NEU:<\/span><\/span><span style=\"font-family: Verdana,Arial;\"><span style=\"font-family: Verdana;\">\u00a0Zus\u00e4tzlich auch Ortung auf jedem internetf\u00e4higen Endger\u00e4t in unserem modernen PEKATRONIC Webportal\u00a0<a href=\"https:\/\/pekatrack.de\/\" target=\"_blank\" rel=\"noopener noreferrer\">https:\/\/pekatrack.de<\/a>\u00a0m\u00f6glich (Datentraffic nur 10 bis 50MB)! Kostenlose Smartphone APPs (Android und iOS)!<br \/>\n&#8211; Anzahl Benutzer nicht begrenzt.<br \/>\n&#8211; Verschiedene Nutzerrechte verf\u00fcgbar<br \/>\n&#8211; Nat\u00fcrlich auch Nutzung ohne Apps, Internet Browser gen\u00fcgt, egal ob am PC, Notebook, Mac, Tablet oder Ihrem Smartphone<\/p>\n<p>Idealer Einsatz auch in Boote, Motorr\u00e4der, Trikes, Quads, Caravan, Wohnmobile, PKW, LKW und Baumaschinen.<\/span><\/span><\/p>\n<p class=\"Normal\">\u00a0 1. Staub und Spritzwasser gesch\u00fctzt (Schutzklasse IP67).<br \/>\n2. Interne hochsensitive GSM Antenne<br \/>\n3. Externe GPS Antenne<br \/>\n4. Kostenlose Ortungs-Echtzeit\u00fcberwachung.<br \/>\n5. Scharf\/Unscharf Funktion<br \/>\n6. Ortungsabfrage per Anruf m\u00f6glich (spart Kosten)<br \/>\n7. Alarmmeldungen per SMS und\u00a0<u><strong>per Anruf<\/strong><\/u>\u00a0an bis zu 3 Rufnummern<br \/>\n8. &#8222;Antwortet&#8220; mit Google Maps Karten Link.<br \/>\n9. Standortabfrage in Echtzeit<br \/>\n10. Alarm bei Erkennung eines Funkst\u00f6rsenders (Jammer).<br \/>\n11. Alarm bei Unterbrechnung der Stromversorgung.<br \/>\n12. Alarm bei Unterbrechung der GPS Antennenleitung<br \/>\n13. Alarm durch Massesignal (z,B. T\u00fcren, Reedkontakte, Alarmanlage)<br \/>\n14. Alarm durch positives Signal (z:B. Plusz\u00fcndung).<br \/>\n15. Stromkreisunterbrechung per SMS\u00a0m\u00f6glich.<br \/>\n16. Sleepmodus (Automatischer Stromsparmodus in 2 Stufen, geschaltet durch 3G-Vibrationssensor, Alarm, SMS oder Anruf)<br \/>\n17.\u00a0<strong>NEU! Stromverbrauch im Deep Sleep Modus nur ~ 2 mA<\/strong><br \/>\n18. Eingebauter 8 MB Flash-Speicher<br \/>\n19. Brandneue GPS Chip Technologie<u><strong>\u00a0-165dB Empfindlichkeit<\/strong><\/u><br \/>\n20. Notstrombatterie:\u00a0Lithium-Ionen-Akkumulator\u00a0400mAh.<br \/>\n21. Micro SIM Kartenslot gesch\u00fctzt im Ger\u00e4t<\/p>\n<ul>\n<li>GSM\/GPRS Netzwerk 900, 1.800 MHz<\/li>\n<li>GPS Empfindlichkeit: -165dBm<\/li>\n<li>Digitale Stromversorgung von: 11 bis 36V DC ohne Wandler<\/li>\n<li>Analoge Signaleing\u00e4nge: 0 bis 15V<\/li>\n<li>Betriebstemperatur: -35 bis +80\u00b0C<\/li>\n<li>Luftfeuchtigkeit: 5 bis 95%,\u00a0<span id=\"result_box\" class=\"short_text\" lang=\"de\"><span class=\"hps\">nicht kondensierend<\/span><\/span><\/li>\n<li>Staub und Spritzwasser gesch\u00fctzt (IP67)<\/li>\n<li>Echtzeit\u00fcberwachung<\/li>\n<li>Interne GSM Antenne<\/li>\n<li>Externe GPS Antenne<\/li>\n<li>Hohe Empfindlichkeit<\/li>\n<li>Automatische Ortung per SMS<\/li>\n<li>Stromkreisunterbrechung (z.B. Anlasserstromkreis)<\/li>\n<li>SMD LED Anzeige f\u00fcr GSM und GPS Signal (schaltbar)<\/li>\n<li>Eing\u00e4nge und Ausg\u00e4nge zur Alarmsteuerung<\/li>\n<li>Interner\u00a0Lithium-Ionen-Akkumulator: 3.7 Volt \/400mAh<\/li>\n<li>Standby nach Umschaltung auf Akkubetrieb im Deep Sleepmodus bis zu 140h = 5.8 Tage.<\/li>\n<li>Abmessung: 80 x 60 x 23.5mm<\/li>\n<li>Gewicht: 100g<\/li>\n<li>Kabell\u00e4nge: 50cm<\/li>\n<\/ul>\n<p><span style=\"font-family: Verdana,Arial;\"><span style=\"font-family: Verdana;\">&#8211; Schnelle Montage und Demontage m\u00f6glich (z.B. in Vorf\u00fchrfahrzeugen, Mietfahrzeuge)<br \/>\n&#8211; Ideale Montage in Motorr\u00e4der, Trikes, Quads, Boote und Aussenborder<br \/>\n&#8211; Perfekter Einbau in Wohnmobile, Caravan. Reed-Magnetkontake und K.O. Gassensor direkt anschlie\u00dfbar<br \/>\n&#8211; Einfacher Dialog per SMS<br \/>\n&#8211; Abfragen und Einstellungen erfolgen per SMS<br \/>\n&#8211; Ortung per Anruf und per SMS<\/span><\/span><\/p>\n<p><span style=\"font-family: Verdana,Arial;\"><span style=\"font-family: Verdana;\"><u>Funktionsm\u00f6glichkeiten:<\/u><\/span><\/span><\/p>\n<ul>\n<li>\u00a0 Einrichtung von bis zu 3 Rufnummern<\/li>\n<li>\u00a0 Ortung per Smartphone (per Anruf und\/oder SMS)<\/li>\n<li>\u00a0 Fahrzeugortung mit Standortdarstellung auf einer Karte f\u00fcr Smartphone (Google Maps Link)<\/li>\n<li>\u00a0 NEU: Fahrzeugortung auf PEKATRONIC Traccar Webserver und per Traccar Smartphone APPs m\u00f6glich<\/li>\n<li>\u00a0 Standortabfrage in Echtzeit<\/li>\n<li>\u00a0 Pr\u00fcfung der gespeicherten Rufnummern<\/li>\n<li>\u00a0 Scharfschaltung der Alarmeing\u00e4nge<\/li>\n<li>\u00a0 Unscharfschaltung der Alarmeing\u00e4nge<\/li>\n<li>\u00a0 Ansteuerung der Anti Jamming Funktion<\/li>\n<li>\u00a0 Einstellung Sleep Modus<\/li>\n<li>\u00a0 \u00c4nderung Passwort<\/li>\n<li>\u00a0 \u00c4nderung Zeitzone\/Uhrzeiteinstellung<\/li>\n<li>\u00a0 LED\u00b4s schalten (Strom sparen)<\/li>\n<li>\u00a0 Stromkreisunterbrechung<\/li>\n<li>\u00a0 Kontrolle der Stromversorgung<\/li>\n<li>\u00a0 \u00dcberwachung der Stromversorgung<\/li>\n<li><span style=\"font-family: Verdana,Arial;\"><span style=\"font-family: Verdana;\">\u00a0 Alarmmeldungen beinhalten Angaben \u00fcber Alarmlinien, Datum, Uhrzeit, Geschwindigkeit, Batterieladezustand, Google Maps Link<\/span><\/span><\/li>\n<li><span style=\"font-family: Verdana,Arial;\"><span style=\"font-family: Verdana;\">\u00a0\u00a0Kein Kartenvertrag erforderlich<\/span><\/span><\/li>\n<li><span style=\"font-family: Verdana,Arial;\"><span style=\"font-family: Verdana;\">\u00a0\u00a0Prepaidkarte mit abschaltbarem PIN-Code gen\u00fcgt!!!<\/span><\/span><\/li>\n<\/ul>\n<p><span style=\"font-family: Verdana,Arial;\"><span style=\"font-family: Verdana;\">WICHTIGER\u00a0HINWEIS:<br \/>\nDie Nutzung von O\u00b2, Telering, yesss und blau.de Karten wird nicht empfohlen, da es innerhalb dieser Netze immer wieder zu St\u00f6rungen sowie\u00a0<\/span><\/span><span style=\"font-family: Verdana,Arial;\"><span style=\"font-family: Verdana;\">Funktionsproblemen kommt.<br \/>\nWir empfehlen Karten von Telekom oder Vodafone, wobei Prepaidkarten vollkommen ausreichend sind!<\/span><\/span><\/p>\n","protected":false},"excerpt":{"rendered":"<p><span style=\"font-family: Verdana,Arial;\"><span style=\"font-family: Verdana;\">PEKASAT Protect Jamming 2G GSM\/GPS\/GPRS Ortungsalarmsystem<\/span><\/span><\/p>\n","protected":false},"featured_media":115,"comment_status":"open","ping_status":"closed","template":"","meta":[],"product_brand":[],"product_cat":[29],"product_tag":[],"class_list":{"0":"post-113","1":"product","2":"type-product","3":"status-publish","4":"has-post-thumbnail","6":"product_cat-ortungssysteme-gsm-gps","8":"first","9":"onbackorder","10":"taxable","11":"shipping-taxable","12":"purchasable","13":"product-type-simple"},"jetpack_sharing_enabled":true,"_links":{"self":[{"href":"https:\/\/car-media-shop.de\/index.php?rest_route=\/wp\/v2\/product\/113","targetHints":{"allow":["GET"]}}],"collection":[{"href":"https:\/\/car-media-shop.de\/index.php?rest_route=\/wp\/v2\/product"}],"about":[{"href":"https:\/\/car-media-shop.de\/index.php?rest_route=\/wp\/v2\/types\/product"}],"replies":[{"embeddable":true,"href":"https:\/\/car-media-shop.de\/index.php?rest_route=%2Fwp%2Fv2%2Fcomments&post=113"}],"wp:featuredmedia":[{"embeddable":true,"href":"https:\/\/car-media-shop.de\/index.php?rest_route=\/wp\/v2\/media\/115"}],"wp:attachment":[{"href":"https:\/\/car-media-shop.de\/index.php?rest_route=%2Fwp%2Fv2%2Fmedia&parent=113"}],"wp:term":[{"taxonomy":"product_brand","embeddable":true,"href":"https:\/\/car-media-shop.de\/index.php?rest_route=%2Fwp%2Fv2%2Fproduct_brand&post=113"},{"taxonomy":"product_cat","embeddable":true,"href":"https:\/\/car-media-shop.de\/index.php?rest_route=%2Fwp%2Fv2%2Fproduct_cat&post=113"},{"taxonomy":"product_tag","embeddable":true,"href":"https:\/\/car-media-shop.de\/index.php?rest_route=%2Fwp%2Fv2%2Fproduct_tag&post=113"}],"curies":[{"name":"wp","href":"https:\/\/api.w.org\/{rel}","templated":true}]}}