{"id":184,"date":"2024-06-20T08:20:41","date_gmt":"2024-06-20T06:20:41","guid":{"rendered":"http:\/\/car-media-shop.de\/?page_id=184"},"modified":"2024-06-20T08:20:41","modified_gmt":"2024-06-20T06:20:41","slug":"agb","status":"publish","type":"page","link":"https:\/\/car-media-shop.de\/?page_id=184","title":{"rendered":"AGB"},"content":{"rendered":"\n<h2 class=\"wp-block-heading\">Allgemeine Gesch\u00e4ftsbedingungen<\/h2>\n\n\n\n<p><strong>1. Geltungsbereich<\/strong><\/p>\n\n\n\n<p>F\u00fcr alle Bestellungen \u00fcber meinen Online-Shop durch Verbraucher und Unternehmer gelten die nachfolgenden AGB.<\/p>\n\n\n\n<p>Verbraucher ist jede nat\u00fcrliche Person, die ein Rechtsgesch\u00e4ft zu Zwecken abschlie\u00dft, die \u00fcberwiegend weder ihrer gewerblichen noch ihrer selbst\u00e4ndigen beruflichen T\u00e4tigkeit zugerechnet werden k\u00f6nnen. Unternehmer ist eine nat\u00fcrliche oder juristische Person oder eine rechtsf\u00e4hige Personengesellschaft, die bei Abschluss eines Rechtsgesch\u00e4fts in Aus\u00fcbung ihrer gewerblichen oder selbst\u00e4ndigen beruflichen T\u00e4tigkeit handelt.<\/p>\n\n\n\n<p>Gegen\u00fcber Unternehmern gelten diese AGB auch f\u00fcr k\u00fcnftige Gesch\u00e4ftsbeziehungen, ohne dass wir nochmals auf sie hinweisen m\u00fcssten. Verwendet der Unternehmer entgegenstehende oder erg\u00e4nzende Allgemeine Gesch\u00e4ftsbedingungen, wird deren Geltung hiermit widersprochen; sie werden nur dann Vertragsbestandteil, wenn wir dem ausdr\u00fccklich zugestimmt haben.<\/p>\n\n\n\n<p><strong>2. Vertragspartner, Vertragsschluss<\/strong><\/p>\n\n\n\n<p>Der Kaufvertrag kommt zustande mit Andreas Meier, In den D\u00f6hren 19, 32130 Enger.<\/p>\n\n\n\n<p>Die Darstellung und Auspreisung der Produkte im Online-Shop stellt kein rechtlich bindendes Angebot, sondern einen unverbindlichen Online-Katalog dar. Durch Anklicken des Bestellbuttons geben Sie eine verbindliche Bestellung der im Warenkorb enthaltenen Waren ab. Die Best\u00e4tigung des Zugangs Ihrer Bestellung erfolgt per E-Mail.<\/p>\n\n\n\n<p>Die f\u00fcr den Vertragsschluss zur Verf\u00fcgung stehende Sprache ist Deutsch.<\/p>\n\n\n\n<p>Ich speichere den Vertragstext und sende Ihnen die Bestelldaten per E-Mail zu. Die AGB k\u00f6nnen Sie jederzeit hier auf dieser Seite einsehen.<\/p>\n\n\n\n<p><strong>3. Zahlungsbedingungen<\/strong><\/p>\n\n\n\n<p>Im Shop stehen folgende Zahlungsarten zur Verf\u00fcgung:<\/p>\n\n\n\n<p>Vorkasse<br>Wenn Sie per Vorkasse zahlen m\u00f6chten, teile ich ihnen meine Bankverbindung per E-Mail mit und versende die verf\u00fcgbare Ware nach Zahlungseingang.<\/p>\n\n\n\n<p>Nachnahme<br>Wenn Sie per Nachnahme zahlen m\u00f6chten, versende ich die Ware direkt sobald Sie verf\u00fcgbar ist und Sie entrichten den Kaufpreis, zzgl Versandkosten und den anfallenden Nachnahmegeb\u00fchren direkt an den Zusteller.<\/p>\n\n\n\n<p>PayPal<br>Wenn Sie per PayPal zahlen m\u00f6chten, werden Sie im Bestellprozess auf die Webseite des Online-Anbieters PayPal weitergeleitet. Hier m\u00fcssen Sie sich registrieren, oder sich mit ihren vorhandenen Zugangsdaten legitimieren.<\/p>\n\n\n\n<p>AmazonPay<br>Wenn Sie per AmazonPay zahlen m\u00f6chten, werden Sie im Bestellprozess auf die Webseite des Online-Anbieters Amazon weitergeleitet. Hier folgen Sie dem Ablauf durch Anlage oder Einloggen.<\/p>\n\n\n\n<p><strong>4. Lieferbedingungen<\/strong><\/p>\n\n\n\n<p>Zu den angegebenen Produktpreisen kommen noch Versandkosten hinzu sofern Sie die Ware nicht direkt bei mir abholen. Die Versandkosten innerhalb Deutschland betragen 6,90\u20ac f\u00fcr Ware in haushalts\u00fcblicher Menge. Bei Gro\u00dfbestellungen oder Versand ins Ausland, kontaktieren Sie mich bitte vor Aufgabe der Bestellung.<\/p>\n\n\n\n<p><strong>5. Eigentumsvorbehalt<\/strong><\/p>\n\n\n\n<p>Die Ware bleibt bis zur vollst\u00e4ndigen Bezahlung mein Eigentum.<br>F\u00fcr Unternehmer gilt erg\u00e4nzend: Ich behalten mir das Eigentum an der Ware bis zur vollst\u00e4ndigen Begleichung aller Forderungen aus einer laufenden Gesch\u00e4ftsbeziehung vor. Sie d\u00fcrfen die Vorbehaltsware im ordentlichen Gesch\u00e4ftsbetrieb weiterver\u00e4u\u00dfern; s\u00e4mtliche aus diesem Weiterverkauf entstehenden Forderungen treten Sie \u2013 unabh\u00e4ngig von einer Verbindung oder Vermischung der Vorbehaltsware mit einer neuen Sache \u2013 in H\u00f6he des Rechnungsbetrages an mich im Voraus ab, und ich nehme diese Abtretung an. Sie bleiben zur Einziehung der Forderungen erm\u00e4chtigt, ich darf Forderungen jedoch auch selbst einziehen, soweit Sie Ihren Zahlungsverpflichtungen nicht nachkommen.<\/p>\n\n\n\n<p><strong>6. Transportsch\u00e4den<\/strong><\/p>\n\n\n\n<p>F\u00fcr Verbraucher gilt:<br>Werden Waren mit offensichtlichen Transportsch\u00e4den angeliefert, so reklamieren Sie solche Fehler bitte m\u00f6glichst sofort beim Zusteller und nehmen Sie bitte unverz\u00fcglich Kontakt zu mir auf. Die Vers\u00e4umung einer Reklamation oder Kontaktaufnahme hat f\u00fcr Ihre gesetzlichen Anspr\u00fcche und deren Durchsetzung, insbesondere Ihre Gew\u00e4hrleistungsrechte, keinerlei Konsequenzen. Sie helfen mir aber, meine eigenen Anspr\u00fcche gegen\u00fcber dem Frachtf\u00fchrer bzw. der Transportversicherung geltend machen zu k\u00f6nnen.<\/p>\n\n\n\n<p>F\u00fcr Unternehmer gilt:<br>Die Gefahr des zuf\u00e4lligen Untergangs und der zuf\u00e4lligen Verschlechterung geht auf Sie \u00fcber, sobald ich die Sache dem Spediteur, dem Frachtf\u00fchrer oder der sonst zur Ausf\u00fchrung der Versendung bestimmten Person oder Anstalt ausgeliefert habe.<\/p>\n\n\n\n<p><strong>7. Gew\u00e4hrleistung und Garantien<\/strong><\/p>\n\n\n\n<p>Soweit nicht nachstehend ausdr\u00fccklich anders vereinbart, gilt das gesetzliche M\u00e4ngelhaftungsrecht.<br>F\u00fcr Unternehmer betr\u00e4gt die Verj\u00e4hrungsfrist f\u00fcr M\u00e4ngelanspr\u00fcche ein Jahr ab Gefahr\u00fcbergang; die gesetzlichen Verj\u00e4hrungsfristen f\u00fcr den R\u00fcckgriffsanspruch nach \u00a7 478 BGB bleiben unber\u00fchrt.<br>Gegen\u00fcber Unternehmern gelten als Vereinbarung \u00fcber die Beschaffenheit der Ware nur meine eigenen Angaben und die Produktbeschreibungen des Herstellers, die in den Vertrag einbezogen wurden; f\u00fcr \u00f6ffentliche \u00c4u\u00dferungen des Herstellers oder sonstige Werbeaussagen \u00fcbernehme ich keine Haftung.<br>Ist die gelieferte Sache mangelhaft, leiste ich gegen\u00fcber Unternehmern zun\u00e4chst nach meiner Wahl Gew\u00e4hr durch Beseitigung des Mangels (Nachbesserung) oder durch Lieferung einer mangelfreien Sache (Ersatzlieferung).<br>Informationen zu gegebenenfalls geltenden zus\u00e4tzlichen Garantien und deren genaue Bedingungen finden Sie jeweils beim Produkt und auf besonderen Informationsseiten im Onlineshop.<\/p>\n\n\n\n<p>8<strong>. Haftung<\/strong><\/p>\n\n\n\n<p>Ich hafte nicht f\u00fcr Sch\u00e4den und\/oder Folgesch\u00e4den jeglicher Art, au\u00dfer diese Sch\u00e4den sind nachweislich durch mich vors\u00e4tzlich oder grob fahrl\u00e4ssig verursacht worden.<\/p>\n\n\n\n<p>9.&nbsp;<strong>Hinweis gem\u00e4\u00df Batteriegesetz<\/strong><\/p>\n\n\n\n<p>Da in meinen Sendungen Batterien und Akkus enthalten sein k\u00f6nnen, bin ich nach dem Batteriegesetz (BattG) verpflichtet, Sie auf Folgendes hinzuweisen: Batterien und Akkus d\u00fcrfen nicht im Hausm\u00fcll entsorgt werden, sondern Sie sind zur R\u00fcckgabe gebrauchter Batterien und Akkus gesetzlich verpflichtet. Altbatterien k\u00f6nnen Schadstoffe enthalten, die bei nicht sachgem\u00e4\u00dfer Lagerung oder Entsorgung die Umwelt oder Ihre Gesundheit sch\u00e4digen k\u00f6nnen. Batterien enthalten aber auch wichtige Rohstoffe wie z.B. Eisen, Zink, Mangan oder Nickel und k\u00f6nnen verwertet werden. Sie k\u00f6nnen die Batterien nach Gebrauch entweder an mich zur\u00fccksenden oder in ihrer N\u00e4he (z.B. im Handel oder in kommunalen Sammelstellen) unentgeltlich zur\u00fcckgegeben.<br>Die Abgabe in Verkaufsstellen ist dabei auf f\u00fcr Endnutzer f\u00fcr die \u00fcbliche Mengen sowie solche Altbatterien beschr\u00e4nkt, die der Vertreiber als Neubatterien in seinem Sortiment f\u00fchrt oder gef\u00fchrt hat.<br>In der N\u00e4he des M\u00fclltonnensymbols befindet sich die chemische Bezeichnung des Schadstoffes.<br>Cd -&gt; Batterie enth\u00e4lt Cadmium<br>Pb -&gt; Batterie enth\u00e4lt Blei<br>Hg -&gt; Batterie enth\u00e4lt Quecksilber<\/p>\n","protected":false},"excerpt":{"rendered":"<p>Allgemeine Gesch\u00e4ftsbedingungen 1. Geltungsbereich F\u00fcr alle Bestellungen \u00fcber meinen Online-Shop durch Verbraucher und Unternehmer gelten die nachfolgenden AGB. Verbraucher ist jede nat\u00fcrliche Person, die ein Rechtsgesch\u00e4ft zu Zwecken abschlie\u00dft, die \u00fcberwiegend weder ihrer gewerblichen noch ihrer selbst\u00e4ndigen beruflichen T\u00e4tigkeit zugerechnet werden k\u00f6nnen. Unternehmer ist eine nat\u00fcrliche oder juristische Person oder eine rechtsf\u00e4hige Personengesellschaft, die bei [&hellip;]<\/p>\n","protected":false},"author":1,"featured_media":0,"parent":0,"menu_order":0,"comment_status":"closed","ping_status":"closed","template":"","meta":{"footnotes":""},"class_list":["post-184","page","type-page","status-publish","hentry"],"jetpack_sharing_enabled":true,"_links":{"self":[{"href":"https:\/\/car-media-shop.de\/index.php?rest_route=\/wp\/v2\/pages\/184","targetHints":{"allow":["GET"]}}],"collection":[{"href":"https:\/\/car-media-shop.de\/index.php?rest_route=\/wp\/v2\/pages"}],"about":[{"href":"https:\/\/car-media-shop.de\/index.php?rest_route=\/wp\/v2\/types\/page"}],"author":[{"embeddable":true,"href":"https:\/\/car-media-shop.de\/index.php?rest_route=\/wp\/v2\/users\/1"}],"replies":[{"embeddable":true,"href":"https:\/\/car-media-shop.de\/index.php?rest_route=%2Fwp%2Fv2%2Fcomments&post=184"}],"version-history":[{"count":1,"href":"https:\/\/car-media-shop.de\/index.php?rest_route=\/wp\/v2\/pages\/184\/revisions"}],"predecessor-version":[{"id":186,"href":"https:\/\/car-media-shop.de\/index.php?rest_route=\/wp\/v2\/pages\/184\/revisions\/186"}],"wp:attachment":[{"href":"https:\/\/car-media-shop.de\/index.php?rest_route=%2Fwp%2Fv2%2Fmedia&parent=184"}],"curies":[{"name":"wp","href":"https:\/\/api.w.org\/{rel}","templated":true}]}}